{"id":998,"date":"2018-08-21T14:31:51","date_gmt":"2018-08-21T12:31:51","guid":{"rendered":"http:\/\/www.tiraucanon.ch\/?page_id=998"},"modified":"2019-07-05T16:08:03","modified_gmt":"2019-07-05T14:08:03","slug":"cible-libre","status":"publish","type":"page","link":"http:\/\/www.tiraucanon.ch\/?page_id=998","title":{"rendered":"Cible Libre"},"content":{"rendered":"<p>Cible \u00e9lectronique<\/p>\n<p><strong>TARIF DE TIR<\/strong><br \/>\nLa carte de<br \/>\n3 passes Fr. 6.-<br \/>\n6 passes Fr. 12.-<br \/>\n12 passes Fr. 24.-<br \/>\n(1 passe = 3 coups)<\/p>\n<p>L&rsquo;attribution des prix est faite par l&rsquo;addition des trois meilleures<br \/>\npasses de chaque tireur. L&rsquo;\u00e9galit\u00e9 est tranch\u00e9e par les meilleures<br \/>\npasses suivantes.<\/p>\n<p><strong>PLANCHE DE PRIX<\/strong><br \/>\n1er prix Fr. 150.- <em>plus une m\u00e9daille<\/em><br \/>\n2\u00e8me prix Fr. 100.- <em>plus une m\u00e9daille<\/em><br \/>\n3\u00e8me prix Fr. 60.- <em>plus une m\u00e9daille<\/em><br \/>\n4\u00e8me et 5\u00e8me prix<br \/>\nUn bon pour une carte de tir d&rsquo;une valeur de Fr. 24.-,\u00a0valable pendant 2 ans<\/p>\n","protected":false},"excerpt":{"rendered":"<p>Cible \u00e9lectronique TARIF DE TIR La carte de 3 passes Fr. 6.- 6 passes Fr. 12.- 12 passes Fr. 24.- (1 passe = 3 coups) L&rsquo;attribution des prix est faite par l&rsquo;addition des trois meilleures passes de chaque tireur. L&rsquo;\u00e9galit\u00e9 est tranch\u00e9e par les meilleures passes suivantes. PLANCHE DE PRIX 1er prix Fr. 150.- plus [&hellip;]<\/p>\n","protected":false},"author":1,"featured_media":0,"parent":0,"menu_order":0,"comment_status":"closed","ping_status":"closed","template":"","meta":{"sfsi_plus_gutenberg_text_before_share":"","sfsi_plus_gutenberg_show_text_before_share":"","sfsi_plus_gutenberg_icon_type":"","sfsi_plus_gutenberg_icon_alignemt":"","sfsi_plus_gutenburg_max_per_row":"","footnotes":""},"_links":{"self":[{"href":"http:\/\/www.tiraucanon.ch\/index.php?rest_route=\/wp\/v2\/pages\/998"}],"collection":[{"href":"http:\/\/www.tiraucanon.ch\/index.php?rest_route=\/wp\/v2\/pages"}],"about":[{"href":"http:\/\/www.tiraucanon.ch\/index.php?rest_route=\/wp\/v2\/types\/page"}],"author":[{"embeddable":true,"href":"http:\/\/www.tiraucanon.ch\/index.php?rest_route=\/wp\/v2\/users\/1"}],"replies":[{"embeddable":true,"href":"http:\/\/www.tiraucanon.ch\/index.php?rest_route=%2Fwp%2Fv2%2Fcomments&post=998"}],"version-history":[{"count":4,"href":"http:\/\/www.tiraucanon.ch\/index.php?rest_route=\/wp\/v2\/pages\/998\/revisions"}],"predecessor-version":[{"id":1193,"href":"http:\/\/www.tiraucanon.ch\/index.php?rest_route=\/wp\/v2\/pages\/998\/revisions\/1193"}],"wp:attachment":[{"href":"http:\/\/www.tiraucanon.ch\/index.php?rest_route=%2Fwp%2Fv2%2Fmedia&parent=998"}],"curies":[{"name":"wp","href":"https:\/\/api.w.org\/{rel}","templated":true}]}}