{"id":996,"date":"2018-08-21T14:31:06","date_gmt":"2018-08-21T12:31:06","guid":{"rendered":"http:\/\/www.tiraucanon.ch\/?page_id=996"},"modified":"2019-07-05T16:09:13","modified_gmt":"2019-07-05T14:09:13","slug":"cible-arve","status":"publish","type":"page","link":"http:\/\/www.tiraucanon.ch\/?page_id=996","title":{"rendered":"Cible Arve"},"content":{"rendered":"<p>Cible \u00e9lectronique<\/p>\n<p><strong>TARIF DE TIR<br \/>\n<\/strong>La carte de<br \/>\n3 passes Fr. 8.-<br \/>\n6 passes Fr. 16.-<br \/>\n12 passes Fr. 32.-<br \/>\n(1 passe = 3 coups)<\/p>\n<p style=\"text-align: left;\">L&rsquo;attribution des prix est faite par l&rsquo;addition des trois meilleures<br \/>\npasses de chaque tireur. L&rsquo;\u00e9galit\u00e9 est tranch\u00e9e par les meilleures<br \/>\npasses suivantes.<\/p>\n<p style=\"text-align: left;\"><strong>PLANCHE DE PRIX<br \/>\n<\/strong>1er prix Fr. 200.- plus une m\u00e9daille<br \/>\n2\u00e8me prix Fr. 120.- plus une m\u00e9daille<br \/>\n3\u00e8me prix Fr. 80.- plus une m\u00e9daille<br \/>\n4\u00e8me et 5\u00e8me prix<br \/>\nUn bon pour une carte de tir d&rsquo;une valeur de Fr. 32.-, valable pendant 2 ans<\/p>\n","protected":false},"excerpt":{"rendered":"<p>Cible \u00e9lectronique TARIF DE TIR La carte de 3 passes Fr. 8.- 6 passes Fr. 16.- 12 passes Fr. 32.- (1 passe = 3 coups) L&rsquo;attribution des prix est faite par l&rsquo;addition des trois meilleures passes de chaque tireur. L&rsquo;\u00e9galit\u00e9 est tranch\u00e9e par les meilleures passes suivantes. PLANCHE DE PRIX 1er prix Fr. 200.- plus [&hellip;]<\/p>\n","protected":false},"author":1,"featured_media":0,"parent":0,"menu_order":0,"comment_status":"closed","ping_status":"closed","template":"","meta":{"sfsi_plus_gutenberg_text_before_share":"","sfsi_plus_gutenberg_show_text_before_share":"","sfsi_plus_gutenberg_icon_type":"","sfsi_plus_gutenberg_icon_alignemt":"","sfsi_plus_gutenburg_max_per_row":"","footnotes":""},"_links":{"self":[{"href":"http:\/\/www.tiraucanon.ch\/index.php?rest_route=\/wp\/v2\/pages\/996"}],"collection":[{"href":"http:\/\/www.tiraucanon.ch\/index.php?rest_route=\/wp\/v2\/pages"}],"about":[{"href":"http:\/\/www.tiraucanon.ch\/index.php?rest_route=\/wp\/v2\/types\/page"}],"author":[{"embeddable":true,"href":"http:\/\/www.tiraucanon.ch\/index.php?rest_route=\/wp\/v2\/users\/1"}],"replies":[{"embeddable":true,"href":"http:\/\/www.tiraucanon.ch\/index.php?rest_route=%2Fwp%2Fv2%2Fcomments&post=996"}],"version-history":[{"count":7,"href":"http:\/\/www.tiraucanon.ch\/index.php?rest_route=\/wp\/v2\/pages\/996\/revisions"}],"predecessor-version":[{"id":1195,"href":"http:\/\/www.tiraucanon.ch\/index.php?rest_route=\/wp\/v2\/pages\/996\/revisions\/1195"}],"wp:attachment":[{"href":"http:\/\/www.tiraucanon.ch\/index.php?rest_route=%2Fwp%2Fv2%2Fmedia&parent=996"}],"curies":[{"name":"wp","href":"https:\/\/api.w.org\/{rel}","templated":true}]}}