{"id":825,"date":"2016-04-12T09:13:58","date_gmt":"2016-04-12T08:13:58","guid":{"rendered":"http:\/\/www.tiraucanon.ch\/?page_id=825"},"modified":"2016-04-16T13:23:51","modified_gmt":"2016-04-16T11:23:51","slug":"2016-rafraichissement-du-stand","status":"publish","type":"page","link":"http:\/\/www.tiraucanon.ch\/?page_id=825","title":{"rendered":"2016 &#8211; Rafraichissement du stand"},"content":{"rendered":"<p style=\"text-align: left;\">\n\n\t\t<style type=\"text\/css\">\n\t\t\t#gallery-1 {\n\t\t\t\tmargin: auto;\n\t\t\t}\n\t\t\t#gallery-1 .gallery-item {\n\t\t\t\tfloat: left;\n\t\t\t\tmargin-top: 10px;\n\t\t\t\ttext-align: center;\n\t\t\t\twidth: 33%;\n\t\t\t}\n\t\t\t#gallery-1 img {\n\t\t\t\tborder: 2px solid #cfcfcf;\n\t\t\t}\n\t\t\t#gallery-1 .gallery-caption {\n\t\t\t\tmargin-left: 0;\n\t\t\t}\n\t\t\t\/* see gallery_shortcode() in wp-includes\/media.php *\/\n\t\t<\/style>\n\t\t<div id='gallery-1' class='gallery galleryid-825 gallery-columns-3 gallery-size-large'><dl class='gallery-item'>\n\t\t\t<dt class='gallery-icon landscape'>\n\t\t\t\t<a href='http:\/\/www.tiraucanon.ch\/wp-content\/uploads\/2016\/04\/IMG_05631.jpg'><img loading=\"lazy\" decoding=\"async\" width=\"625\" height=\"469\" src=\"http:\/\/www.tiraucanon.ch\/wp-content\/uploads\/2016\/04\/IMG_05631-1024x768.jpg\" class=\"attachment-large size-large\" alt=\"\" aria-describedby=\"gallery-1-822\" srcset=\"http:\/\/www.tiraucanon.ch\/wp-content\/uploads\/2016\/04\/IMG_05631-1024x768.jpg 1024w, http:\/\/www.tiraucanon.ch\/wp-content\/uploads\/2016\/04\/IMG_05631-300x225.jpg 300w, http:\/\/www.tiraucanon.ch\/wp-content\/uploads\/2016\/04\/IMG_05631-768x576.jpg 768w, http:\/\/www.tiraucanon.ch\/wp-content\/uploads\/2016\/04\/IMG_05631-624x468.jpg 624w\" sizes=\"(max-width: 625px) 100vw, 625px\" \/><\/a>\n\t\t\t<\/dt>\n\t\t\t\t<dd class='wp-caption-text gallery-caption' id='gallery-1-822'>\n\t\t\t\tLe mur du fond a \u00e9t\u00e9 repeint, l&rsquo;\u00e9lectricien perd ses cheveux&#8230;.\n\t\t\t\t<\/dd><\/dl><dl class='gallery-item'>\n\t\t\t<dt class='gallery-icon landscape'>\n\t\t\t\t<a href='http:\/\/www.tiraucanon.ch\/wp-content\/uploads\/2016\/04\/IMG_05641.jpg'><img loading=\"lazy\" decoding=\"async\" width=\"625\" height=\"469\" src=\"http:\/\/www.tiraucanon.ch\/wp-content\/uploads\/2016\/04\/IMG_05641-1024x768.jpg\" class=\"attachment-large size-large\" alt=\"\" aria-describedby=\"gallery-1-823\" srcset=\"http:\/\/www.tiraucanon.ch\/wp-content\/uploads\/2016\/04\/IMG_05641-1024x768.jpg 1024w, http:\/\/www.tiraucanon.ch\/wp-content\/uploads\/2016\/04\/IMG_05641-300x225.jpg 300w, http:\/\/www.tiraucanon.ch\/wp-content\/uploads\/2016\/04\/IMG_05641-768x576.jpg 768w, http:\/\/www.tiraucanon.ch\/wp-content\/uploads\/2016\/04\/IMG_05641-624x468.jpg 624w\" sizes=\"(max-width: 625px) 100vw, 625px\" \/><\/a>\n\t\t\t<\/dt>\n\t\t\t\t<dd class='wp-caption-text gallery-caption' id='gallery-1-823'>\n\t\t\t\t&#8230; mais il a fallu d\u00e9gager tout le mobilier.\n\t\t\t\t<\/dd><\/dl><dl class='gallery-item'>\n\t\t\t<dt class='gallery-icon landscape'>\n\t\t\t\t<a href='http:\/\/www.tiraucanon.ch\/wp-content\/uploads\/2016\/04\/IMG_05651.jpg'><img loading=\"lazy\" decoding=\"async\" width=\"625\" height=\"469\" src=\"http:\/\/www.tiraucanon.ch\/wp-content\/uploads\/2016\/04\/IMG_05651-1024x768.jpg\" class=\"attachment-large size-large\" alt=\"\" aria-describedby=\"gallery-1-826\" srcset=\"http:\/\/www.tiraucanon.ch\/wp-content\/uploads\/2016\/04\/IMG_05651-1024x768.jpg 1024w, http:\/\/www.tiraucanon.ch\/wp-content\/uploads\/2016\/04\/IMG_05651-300x225.jpg 300w, http:\/\/www.tiraucanon.ch\/wp-content\/uploads\/2016\/04\/IMG_05651-768x576.jpg 768w, http:\/\/www.tiraucanon.ch\/wp-content\/uploads\/2016\/04\/IMG_05651-624x468.jpg 624w\" sizes=\"(max-width: 625px) 100vw, 625px\" \/><\/a>\n\t\t\t<\/dt>\n\t\t\t\t<dd class='wp-caption-text gallery-caption' id='gallery-1-826'>\n\t\t\t\tUne partie de l&rsquo;\u00e9quipe de choc\n\t\t\t\t<\/dd><\/dl><br style=\"clear: both\" \/><dl class='gallery-item'>\n\t\t\t<dt class='gallery-icon landscape'>\n\t\t\t\t<a href='http:\/\/www.tiraucanon.ch\/wp-content\/uploads\/2016\/04\/image-3.jpeg'><img loading=\"lazy\" decoding=\"async\" width=\"625\" height=\"469\" src=\"http:\/\/www.tiraucanon.ch\/wp-content\/uploads\/2016\/04\/image-3-1024x768.jpeg\" class=\"attachment-large size-large\" alt=\"\" aria-describedby=\"gallery-1-858\" srcset=\"http:\/\/www.tiraucanon.ch\/wp-content\/uploads\/2016\/04\/image-3-1024x768.jpeg 1024w, http:\/\/www.tiraucanon.ch\/wp-content\/uploads\/2016\/04\/image-3-300x225.jpeg 300w, http:\/\/www.tiraucanon.ch\/wp-content\/uploads\/2016\/04\/image-3-624x468.jpeg 624w\" sizes=\"(max-width: 625px) 100vw, 625px\" \/><\/a>\n\t\t\t<\/dt>\n\t\t\t\t<dd class='wp-caption-text gallery-caption' id='gallery-1-858'>\n\t\t\t\tApr\u00e8s les travaux \n\t\t\t\t<\/dd><\/dl><dl class='gallery-item'>\n\t\t\t<dt class='gallery-icon landscape'>\n\t\t\t\t<a href='http:\/\/www.tiraucanon.ch\/wp-content\/uploads\/2016\/04\/image-2.jpeg'><img loading=\"lazy\" decoding=\"async\" width=\"625\" height=\"469\" src=\"http:\/\/www.tiraucanon.ch\/wp-content\/uploads\/2016\/04\/image-2-1024x768.jpeg\" class=\"attachment-large size-large\" alt=\"\" srcset=\"http:\/\/www.tiraucanon.ch\/wp-content\/uploads\/2016\/04\/image-2-1024x768.jpeg 1024w, http:\/\/www.tiraucanon.ch\/wp-content\/uploads\/2016\/04\/image-2-300x225.jpeg 300w, http:\/\/www.tiraucanon.ch\/wp-content\/uploads\/2016\/04\/image-2-624x468.jpeg 624w\" sizes=\"(max-width: 625px) 100vw, 625px\" \/><\/a>\n\t\t\t<\/dt><\/dl><dl class='gallery-item'>\n\t\t\t<dt class='gallery-icon landscape'>\n\t\t\t\t<a href='http:\/\/www.tiraucanon.ch\/wp-content\/uploads\/2016\/04\/image-1.jpeg'><img loading=\"lazy\" decoding=\"async\" width=\"625\" height=\"469\" src=\"http:\/\/www.tiraucanon.ch\/wp-content\/uploads\/2016\/04\/image-1-1024x768.jpeg\" class=\"attachment-large size-large\" alt=\"\" srcset=\"http:\/\/www.tiraucanon.ch\/wp-content\/uploads\/2016\/04\/image-1-1024x768.jpeg 1024w, http:\/\/www.tiraucanon.ch\/wp-content\/uploads\/2016\/04\/image-1-300x225.jpeg 300w, http:\/\/www.tiraucanon.ch\/wp-content\/uploads\/2016\/04\/image-1-624x468.jpeg 624w\" sizes=\"(max-width: 625px) 100vw, 625px\" \/><\/a>\n\t\t\t<\/dt><\/dl><br style=\"clear: both\" \/><dl class='gallery-item'>\n\t\t\t<dt class='gallery-icon landscape'>\n\t\t\t\t<a href='http:\/\/www.tiraucanon.ch\/wp-content\/uploads\/2016\/04\/image.jpeg'><img loading=\"lazy\" decoding=\"async\" width=\"625\" height=\"469\" src=\"http:\/\/www.tiraucanon.ch\/wp-content\/uploads\/2016\/04\/image-1024x768.jpeg\" class=\"attachment-large size-large\" alt=\"\" srcset=\"http:\/\/www.tiraucanon.ch\/wp-content\/uploads\/2016\/04\/image-1024x768.jpeg 1024w, http:\/\/www.tiraucanon.ch\/wp-content\/uploads\/2016\/04\/image-300x225.jpeg 300w, http:\/\/www.tiraucanon.ch\/wp-content\/uploads\/2016\/04\/image-624x468.jpeg 624w\" sizes=\"(max-width: 625px) 100vw, 625px\" \/><\/a>\n\t\t\t<\/dt><\/dl>\n\t\t\t<br style='clear: both' \/>\n\t\t<\/div>\n\n","protected":false},"excerpt":{"rendered":"","protected":false},"author":1,"featured_media":0,"parent":260,"menu_order":0,"comment_status":"closed","ping_status":"closed","template":"","meta":{"sfsi_plus_gutenberg_text_before_share":"","sfsi_plus_gutenberg_show_text_before_share":"","sfsi_plus_gutenberg_icon_type":"","sfsi_plus_gutenberg_icon_alignemt":"","sfsi_plus_gutenburg_max_per_row":"","footnotes":""},"_links":{"self":[{"href":"http:\/\/www.tiraucanon.ch\/index.php?rest_route=\/wp\/v2\/pages\/825"}],"collection":[{"href":"http:\/\/www.tiraucanon.ch\/index.php?rest_route=\/wp\/v2\/pages"}],"about":[{"href":"http:\/\/www.tiraucanon.ch\/index.php?rest_route=\/wp\/v2\/types\/page"}],"author":[{"embeddable":true,"href":"http:\/\/www.tiraucanon.ch\/index.php?rest_route=\/wp\/v2\/users\/1"}],"replies":[{"embeddable":true,"href":"http:\/\/www.tiraucanon.ch\/index.php?rest_route=%2Fwp%2Fv2%2Fcomments&post=825"}],"version-history":[{"count":8,"href":"http:\/\/www.tiraucanon.ch\/index.php?rest_route=\/wp\/v2\/pages\/825\/revisions"}],"predecessor-version":[{"id":2263,"href":"http:\/\/www.tiraucanon.ch\/index.php?rest_route=\/wp\/v2\/pages\/825\/revisions\/2263"}],"up":[{"embeddable":true,"href":"http:\/\/www.tiraucanon.ch\/index.php?rest_route=\/wp\/v2\/pages\/260"}],"wp:attachment":[{"href":"http:\/\/www.tiraucanon.ch\/index.php?rest_route=%2Fwp%2Fv2%2Fmedia&parent=825"}],"curies":[{"name":"wp","href":"https:\/\/api.w.org\/{rel}","templated":true}]}}