{"id":2207,"date":"2023-04-26T11:52:26","date_gmt":"2023-04-26T09:52:26","guid":{"rendered":"http:\/\/www.tiraucanon.ch\/?page_id=2207"},"modified":"2025-09-15T10:22:14","modified_gmt":"2025-09-15T08:22:14","slug":"resultats-tirs-du-printemps","status":"publish","type":"page","link":"http:\/\/www.tiraucanon.ch\/?page_id=2207","title":{"rendered":"R\u00e9sultats tirs du printemps"},"content":{"rendered":"\n<div class=\"wp-block-group\"><div class=\"wp-block-group__inner-container is-layout-constrained wp-block-group-is-layout-constrained\">\n<p><a href=\"http:\/\/www.tiraucanon.ch\/wp-content\/uploads\/2025\/09\/Resultats-tir-printemps-2025.pdf\">R\u00e9sultats tir printemps 2025<\/a><\/p>\n<p><a href=\"http:\/\/www.tiraucanon.ch\/wp-content\/uploads\/2023\/09\/Resultats-tir-printemps-2024.pdf\">R\u00e9sultats tir printemps 2024<\/a><\/p>\n<p><a href=\"http:\/\/www.tiraucanon.ch\/wp-content\/uploads\/2023\/04\/Resultats-tir-printemps-2023.pdf\">R\u00e9sultats tir printemps 2023<\/a><\/p>\n<p><a href=\"http:\/\/www.tiraucanon.ch\/wp-content\/uploads\/2023\/04\/Resultats-tir-printemps-2022.pdf\">R\u00e9sultats tir printemps 2022<\/a><\/p>\n<p>Pas de tirs en 2020 et 2021 du \u00e0 la pand\u00e9mie du Covid-19<\/p>\n<p><a href=\"http:\/\/www.tiraucanon.ch\/wp-content\/uploads\/2023\/04\/Resultats-tir-printemps-2019.pdf\">R\u00e9sultats tir printemps 2019<\/a><\/p>\n<p><a href=\"http:\/\/www.tiraucanon.ch\/wp-content\/uploads\/2023\/04\/Resultats-tir-printemps-2018.pdf\">R\u00e9sultats tir printemps 2018<\/a><\/p>\n<\/div><\/div>\n","protected":false},"excerpt":{"rendered":"<p>R\u00e9sultats tir printemps 2025 R\u00e9sultats tir printemps 2024 R\u00e9sultats tir printemps 2023 R\u00e9sultats tir printemps 2022 Pas de tirs en 2020 et 2021 du \u00e0 la pand\u00e9mie du Covid-19 R\u00e9sultats tir printemps 2019 R\u00e9sultats tir printemps 2018<\/p>\n","protected":false},"author":1,"featured_media":0,"parent":0,"menu_order":0,"comment_status":"closed","ping_status":"closed","template":"","meta":{"sfsi_plus_gutenberg_text_before_share":"","sfsi_plus_gutenberg_show_text_before_share":"","sfsi_plus_gutenberg_icon_type":"","sfsi_plus_gutenberg_icon_alignemt":"","sfsi_plus_gutenburg_max_per_row":"","footnotes":""},"_links":{"self":[{"href":"http:\/\/www.tiraucanon.ch\/index.php?rest_route=\/wp\/v2\/pages\/2207"}],"collection":[{"href":"http:\/\/www.tiraucanon.ch\/index.php?rest_route=\/wp\/v2\/pages"}],"about":[{"href":"http:\/\/www.tiraucanon.ch\/index.php?rest_route=\/wp\/v2\/types\/page"}],"author":[{"embeddable":true,"href":"http:\/\/www.tiraucanon.ch\/index.php?rest_route=\/wp\/v2\/users\/1"}],"replies":[{"embeddable":true,"href":"http:\/\/www.tiraucanon.ch\/index.php?rest_route=%2Fwp%2Fv2%2Fcomments&post=2207"}],"version-history":[{"count":10,"href":"http:\/\/www.tiraucanon.ch\/index.php?rest_route=\/wp\/v2\/pages\/2207\/revisions"}],"predecessor-version":[{"id":2423,"href":"http:\/\/www.tiraucanon.ch\/index.php?rest_route=\/wp\/v2\/pages\/2207\/revisions\/2423"}],"wp:attachment":[{"href":"http:\/\/www.tiraucanon.ch\/index.php?rest_route=%2Fwp%2Fv2%2Fmedia&parent=2207"}],"curies":[{"name":"wp","href":"https:\/\/api.w.org\/{rel}","templated":true}]}}