{"id":12,"date":"2015-10-09T14:07:53","date_gmt":"2015-10-09T13:07:53","guid":{"rendered":"http:\/\/www.tiraucanon.ch\/?page_id=12"},"modified":"2025-01-17T17:53:51","modified_gmt":"2025-01-17T15:53:51","slug":"resultats","status":"publish","type":"page","link":"http:\/\/www.tiraucanon.ch\/?page_id=12","title":{"rendered":"R\u00e9sultats tableaux d&rsquo;honneur"},"content":{"rendered":"\n<div class=\"wp-block-columns is-layout-flex wp-container-core-columns-is-layout-1 wp-block-columns-is-layout-flex\">\n<div class=\"wp-block-column is-layout-flow wp-block-column-is-layout-flow\" style=\"flex-basis:100%\"><\/div>\n<\/div>\n\n\n\n<h4 class=\"wp-block-heading\">Cible commune &#8211; Reines ou Rois<\/h4>\n\n\n\n<div class=\"wp-block-columns is-layout-flex wp-container-core-columns-is-layout-2 wp-block-columns-is-layout-flex\">\n<div class=\"wp-block-column is-layout-flow wp-block-column-is-layout-flow\" style=\"flex-basis:100%\">\n<figure class=\"wp-block-table\"><table><tbody><tr><td>2001 G. Simond <em>17\u00b0<\/em><\/td><td>2002 J.-Cl. Matthey <em>18\u00b0<\/em><\/td><td class=\"has-text-align-left\" data-align=\"left\">2003 R. Ducret <em>11\u00b0<\/em><\/td><td>2004 C. Rossi <em>9\u00b0<\/em> <\/td><\/tr><tr><td>2005 P. Spiess <em>9\u00b0<\/em><\/td><td>2006 C. Pedroletti <em>1\u00b0<\/em><\/td><td class=\"has-text-align-left\" data-align=\"left\">2007 O. Sommer <em>24\u00b0<\/em><\/td><td>2008 J.-Mario Antonioli <em>15\u00b0<\/em><\/td><\/tr><tr><td>2009 G. Melly <em>9\u00b0<\/em><\/td><td>2010 J.-Cl. Matthey <em>11\u00b0<\/em><\/td><td class=\"has-text-align-left\" data-align=\"left\">2011 Mme M. Matthey-Doret <em>27\u00b0<\/em><\/td><td>2012 Mme C. Denogent <em>28\u00b0<\/em><\/td><\/tr><tr><td>2013 F. Mottini <em>12\u00b0<\/em><\/td><td>2014 B. Mello <em>21\u00b0<\/em><\/td><td class=\"has-text-align-left\" data-align=\"left\">2015 Mme M. Matthey-Doret <em>19\u00b0<\/em><\/td><td>2016 M. Piccand <em>12\u00b0<\/em><\/td><\/tr><tr><td>2017 B. Guillet <em>12\u00b0<\/em><\/td><td>2018  L. Chabbey <em>4\u00b0<\/em><\/td><td class=\"has-text-align-left\" data-align=\"left\">2019 P. Schmid <em>11\u00b0<\/em><\/td><td>2020  COVID<\/td><\/tr><tr><td>2021 B. Guillet <em>75\u00b0<\/em><\/td><td>2022 G. Simili <em>2\u00b0<\/em><\/td><td class=\"has-text-align-left\" data-align=\"left\">2023 L. Chabbey <em>7\u00b0<\/em><\/td><td>2024 A. Maguire <em>10\u00b0<\/em><\/td><\/tr><\/tbody><\/table><figcaption class=\"wp-element-caption\">(Le nom des Rois et Reines ant\u00e9rieurs \u00e0 2001 est affich\u00e9 dans le stand de tir)<\/figcaption><\/figure>\n<\/div>\n<\/div>\n\n\n\n<h4 class=\"wp-block-heading\">Les Champions<\/h4>\n\n\n\n<figure class=\"wp-block-table\"><table><tbody><tr><td>2001&nbsp; G. Simond<\/td><td>2002&nbsp; J.-Cl. Matthey<\/td><td>2003&nbsp; J.-Cl. Matthey<\/td><td>2004&nbsp; J. Peduzzi<\/td><\/tr><tr><td>2005&nbsp; J.-Cl. Matthey<\/td><td>2006&nbsp; C. Blanc<\/td><td>2007&nbsp; J.-Cl. Matthey<\/td><td>2008&nbsp; B. Guillet&nbsp; \/&nbsp; K. Gaud<\/td><\/tr><tr><td>2009&nbsp; J.-Cl. Matthey<\/td><td>2010&nbsp; K. Gaud<\/td><td>2011&nbsp; J.-Cl. Matthey<\/td><td>2012 J.-Cl. Matthey<\/td><\/tr><tr><td>2013&nbsp; K. Gaud<\/td><td>2014 &nbsp;J.-Cl. Matthey<\/td><td>2015 &nbsp;B. Revol<\/td><td>2016 B. Revol<\/td><\/tr><tr><td>2017 B. Guillet<\/td><td>2018 B. Guillet<\/td><td>2019 N. Antonioli<\/td><td>2020 COVID<\/td><\/tr><tr><td>2021 B. Guillet<\/td><td>2022 L. Chabbey<\/td><td>2023 E. Faure Cooper<\/td><td>2024 M. Piccand-Tagliabue<\/td><\/tr><\/tbody><\/table><figcaption class=\"wp-element-caption\">(Le nom des Champions et Championnes ant\u00e9rieurs \u00e0 2001 est affich\u00e9 dans le stand de tir)<\/figcaption><\/figure>\n\n\n\n<h4 class=\"wp-block-heading\">Les Princes et Princesses<\/h4>\n\n\n\n<figure class=\"wp-block-table\"><table><tbody><tr><td>2001 R. Kooger<\/td><td>2002 A. Kooger<\/td><td>2003 A. Kooger<\/td><td>2004 A. Bucolo<\/td><\/tr><tr><td>2005 A. Bucolo<\/td><td>2006 Q. Antonioli<\/td><td>2007 L. Marti<\/td><td>2008 L. Marti<\/td><\/tr><tr><td>2009 K. Uldry<\/td><td>2010 L. Marti<\/td><td>2011 Mlle C. Gu\u00e9ron<\/td><td>2012 Mlle C. Gu\u00e9ron<\/td><\/tr><tr><td>2013 Mlle C. Gu\u00e9ron<\/td><td>2014 L. Vuilleumier<\/td><td>2015 Mlle M. Matthey-Doret<\/td><td>2016 N. Vuilleumier<\/td><\/tr><tr><td>2017&nbsp;J. Vessereau<\/td><td>2018 M. Coindet<\/td><td>2019 A. Wolfisberg<\/td><td>2020 COVID<\/td><\/tr><tr><td>2021 A. Wolfisberg<\/td><td>2022 Mlle M. Vuilleumier<\/td><td>2023 B. Fuchs<\/td><td>2024 B. Fuchs<\/td><\/tr><\/tbody><\/table><\/figure>\n\n\n\n<h4 class=\"wp-block-heading\">Cible Soci\u00e9t\u00e9<\/h4>\n\n\n\n<figure class=\"wp-block-table\"><table><tbody><tr><td>2001 H. Bongard <em>19\u00b0<\/em><\/td><td>2002 G. Simond <em>18\u00b0<\/em><\/td><td>2003 G. Simond <em>28\u00b0<\/em><\/td><td>2004 V. Dall&rsquo;Aglio <em>19\u00b0<\/em><\/td><\/tr><tr><td>2005 J.-Cl. Matthey <em>13\u00b0<\/em><\/td><td>2006 R. Perreten <em>31\u00b0<\/em><\/td><td>2007 G. Simond <em>9\u00b0<\/em><\/td><td>2008 M. Geneyne <em>33\u00b0<\/em><\/td><\/tr><tr><td>2009 J.-Cl. Matthey <em>25\u00b0<\/em><\/td><td>2010 G. Melly <em>15\u00b0<\/em><\/td><td>2011 J.-Cl. Matthey <em>15\u00b0<\/em><\/td><td>2012 Y. Queloz <em>11\u00b0<\/em><\/td><\/tr><tr><td>2013 G. Melly <em>8\u00b0<\/em><\/td><td>2014 R. Donnat <em>34\u00b0<\/em><\/td><td>2015 B. Revol <em>23\u00b0<\/em><\/td><td>2016 B. Revol <em>27\u00b0<\/em><\/td><\/tr><tr><td>2017 D. Rochat <em>25\u00b0<\/em><\/td><td>2018 B. Mello <em>66\u00b0<\/em><\/td><td>2019 P. Schmid <em>28\u00b0<\/em><\/td><td>2020 COVID<\/td><\/tr><tr><td>2021 G. Monney <em>102\u00b0<\/em><\/td><td>2022 B. Guillet <em>67\u00b0<\/em><\/td><td>2023 E. Faure Cooper 30\u00b0<\/td><td>2024 J.-J. Gerster <em>38\u00b0<\/em><\/td><\/tr><\/tbody><\/table><figcaption class=\"wp-element-caption\">(Le nom des vainqueurs de la cible soci\u00e9t\u00e9 ant\u00e9rieurs \u00e0 2001 est affich\u00e9 dans le stand de tir)<\/figcaption><\/figure>\n","protected":false},"excerpt":{"rendered":"<p>Cible commune &#8211; Reines ou Rois 2001 G. Simond 17\u00b0 2002 J.-Cl. Matthey 18\u00b0 2003 R. Ducret 11\u00b0 2004 C. Rossi 9\u00b0 2005 P. Spiess 9\u00b0 2006 C. Pedroletti 1\u00b0 2007 O. Sommer 24\u00b0 2008 J.-Mario Antonioli 15\u00b0 2009 G. Melly 9\u00b0 2010 J.-Cl. Matthey 11\u00b0 2011 Mme M. Matthey-Doret 27\u00b0 2012 Mme C. Denogent [&hellip;]<\/p>\n","protected":false},"author":1,"featured_media":0,"parent":0,"menu_order":20,"comment_status":"closed","ping_status":"closed","template":"","meta":{"sfsi_plus_gutenberg_text_before_share":"","sfsi_plus_gutenberg_show_text_before_share":"","sfsi_plus_gutenberg_icon_type":"","sfsi_plus_gutenberg_icon_alignemt":"","sfsi_plus_gutenburg_max_per_row":"","footnotes":""},"_links":{"self":[{"href":"http:\/\/www.tiraucanon.ch\/index.php?rest_route=\/wp\/v2\/pages\/12"}],"collection":[{"href":"http:\/\/www.tiraucanon.ch\/index.php?rest_route=\/wp\/v2\/pages"}],"about":[{"href":"http:\/\/www.tiraucanon.ch\/index.php?rest_route=\/wp\/v2\/types\/page"}],"author":[{"embeddable":true,"href":"http:\/\/www.tiraucanon.ch\/index.php?rest_route=\/wp\/v2\/users\/1"}],"replies":[{"embeddable":true,"href":"http:\/\/www.tiraucanon.ch\/index.php?rest_route=%2Fwp%2Fv2%2Fcomments&post=12"}],"version-history":[{"count":89,"href":"http:\/\/www.tiraucanon.ch\/index.php?rest_route=\/wp\/v2\/pages\/12\/revisions"}],"predecessor-version":[{"id":2320,"href":"http:\/\/www.tiraucanon.ch\/index.php?rest_route=\/wp\/v2\/pages\/12\/revisions\/2320"}],"wp:attachment":[{"href":"http:\/\/www.tiraucanon.ch\/index.php?rest_route=%2Fwp%2Fv2%2Fmedia&parent=12"}],"curies":[{"name":"wp","href":"https:\/\/api.w.org\/{rel}","templated":true}]}}