{"id":1027,"date":"2018-08-22T10:02:59","date_gmt":"2018-08-22T08:02:59","guid":{"rendered":"http:\/\/www.tiraucanon.ch\/?page_id=1027"},"modified":"2018-08-22T10:07:45","modified_gmt":"2018-08-22T08:07:45","slug":"equipement-du-stand","status":"publish","type":"page","link":"http:\/\/www.tiraucanon.ch\/?page_id=1027","title":{"rendered":"Equipement du stand"},"content":{"rendered":"<p><strong>Le stand actuel est \u00e9quip\u00e9 de<\/strong><\/p>\n<ul>\n<li>8 cibles \u00e9lectroniques aux nombres<\/li>\n<li>3 cibles traditionnelles \u00e0 la mouche<\/li>\n<\/ul>\n<p>(1 cible d&rsquo;essai pour les nouveaux tireurs avec instructeurs)<\/p>\n<p><a href=\"http:\/\/www.tiraucanon.ch\/wp-content\/uploads\/2015\/10\/03eaf7f61f4bdb9e30bdb0cd284a3117.jpg\"><img loading=\"lazy\" decoding=\"async\" class=\"alignleft size-full wp-image-703\" src=\"http:\/\/www.tiraucanon.ch\/wp-content\/uploads\/2015\/10\/03eaf7f61f4bdb9e30bdb0cd284a3117.jpg\" alt=\"\" width=\"2048\" height=\"1536\" srcset=\"http:\/\/www.tiraucanon.ch\/wp-content\/uploads\/2015\/10\/03eaf7f61f4bdb9e30bdb0cd284a3117.jpg 2048w, http:\/\/www.tiraucanon.ch\/wp-content\/uploads\/2015\/10\/03eaf7f61f4bdb9e30bdb0cd284a3117-300x225.jpg 300w, http:\/\/www.tiraucanon.ch\/wp-content\/uploads\/2015\/10\/03eaf7f61f4bdb9e30bdb0cd284a3117-1024x768.jpg 1024w, http:\/\/www.tiraucanon.ch\/wp-content\/uploads\/2015\/10\/03eaf7f61f4bdb9e30bdb0cd284a3117-624x468.jpg 624w\" sizes=\"(max-width: 2048px) 100vw, 2048px\" \/><\/a><\/p>\n<p>&nbsp;<\/p>\n<p>&nbsp;<\/p>\n<p>&nbsp;<\/p>\n<p>&nbsp;<\/p>\n<p>&nbsp;<\/p>\n<p>&nbsp;<\/p>\n<p>&nbsp;<\/p>\n<p>&nbsp;<\/p>\n<p>&nbsp;<\/p>\n<p>&nbsp;<\/p>\n<p>&nbsp;<\/p>\n<p>&nbsp;<\/p>\n<p>&nbsp;<\/p>\n<p>&nbsp;<\/p>\n","protected":false},"excerpt":{"rendered":"<p>Le stand actuel est \u00e9quip\u00e9 de 8 cibles \u00e9lectroniques aux nombres 3 cibles traditionnelles \u00e0 la mouche (1 cible d&rsquo;essai pour les nouveaux tireurs avec instructeurs) &nbsp; &nbsp; &nbsp; &nbsp; &nbsp; &nbsp; &nbsp; &nbsp; &nbsp; &nbsp; &nbsp; &nbsp; &nbsp; &nbsp;<\/p>\n","protected":false},"author":1,"featured_media":0,"parent":0,"menu_order":0,"comment_status":"closed","ping_status":"closed","template":"","meta":{"sfsi_plus_gutenberg_text_before_share":"","sfsi_plus_gutenberg_show_text_before_share":"","sfsi_plus_gutenberg_icon_type":"","sfsi_plus_gutenberg_icon_alignemt":"","sfsi_plus_gutenburg_max_per_row":"","footnotes":""},"_links":{"self":[{"href":"http:\/\/www.tiraucanon.ch\/index.php?rest_route=\/wp\/v2\/pages\/1027"}],"collection":[{"href":"http:\/\/www.tiraucanon.ch\/index.php?rest_route=\/wp\/v2\/pages"}],"about":[{"href":"http:\/\/www.tiraucanon.ch\/index.php?rest_route=\/wp\/v2\/types\/page"}],"author":[{"embeddable":true,"href":"http:\/\/www.tiraucanon.ch\/index.php?rest_route=\/wp\/v2\/users\/1"}],"replies":[{"embeddable":true,"href":"http:\/\/www.tiraucanon.ch\/index.php?rest_route=%2Fwp%2Fv2%2Fcomments&post=1027"}],"version-history":[{"count":3,"href":"http:\/\/www.tiraucanon.ch\/index.php?rest_route=\/wp\/v2\/pages\/1027\/revisions"}],"predecessor-version":[{"id":1036,"href":"http:\/\/www.tiraucanon.ch\/index.php?rest_route=\/wp\/v2\/pages\/1027\/revisions\/1036"}],"wp:attachment":[{"href":"http:\/\/www.tiraucanon.ch\/index.php?rest_route=%2Fwp%2Fv2%2Fmedia&parent=1027"}],"curies":[{"name":"wp","href":"https:\/\/api.w.org\/{rel}","templated":true}]}}