{"id":1018,"date":"2018-08-21T15:05:22","date_gmt":"2018-08-21T13:05:22","guid":{"rendered":"http:\/\/www.tiraucanon.ch\/?page_id=1018"},"modified":"2023-04-26T11:14:34","modified_gmt":"2023-04-26T09:14:34","slug":"prix-speciaux","status":"publish","type":"page","link":"http:\/\/www.tiraucanon.ch\/?page_id=1018","title":{"rendered":"Prix sp\u00e9ciaux"},"content":{"rendered":"<p><strong>PRIX CAROUGEOIS<br \/>\n<\/strong><strong>Fr 150.-<\/strong> attribu\u00e9 au tireur\u00a0le mieux class\u00e9 \u00e0 l&rsquo;addition\u00a0des cibles Arve et Libre<\/p>\n<p><strong>CHAMPIONS<br \/>\n<\/strong><strong>Fr. 150.-<\/strong> attribu\u00e9 au tireur le mieux\u00a0class\u00e9 dans les cibles Commune,\u00a0Soci\u00e9t\u00e9, Arve et Libre<\/p>\n<p><strong>TIR AU CANON<br \/>\n<\/strong><strong>Une oeuvre d&rsquo;art<\/strong> attribu\u00e9e\u00a0au tireur titulaire des trois\u00a0meilleures mouches additionn\u00e9es\u00a0\u00e0 la cible Soci\u00e9t\u00e9<\/p>\n<p><strong>CONSEIL D&rsquo;ETAT<br \/>\n<\/strong><strong>Un stylo grav\u00e9 aux armes de la R\u00e9publique<\/strong>,\u00a0est attribu\u00e9 au tireur titulaire\u00a0des trois meilleures mouches\u00a0additionn\u00e9es \u00e0 la cible Commune<\/p>\n<p><strong>NEOPHYTHES<br \/>\n<\/strong>Prix attribu\u00e9s aux trois meilleurs\u00a0nouveaux tireurs \u00e0 l&rsquo;addition\u00a0des trois meilleures passes\u00a0sur les cibles Arve ou Libre.<br \/>\n-1er prix : une bouteille et\u00a0un bon pour une carte de\u00a0tir d&rsquo;une valeur de Fr. 32.-<br \/>\n-2\u00e8me prix : une bouteille et un bon\u00a0d&rsquo;une valeur de Fr. 24.-<br \/>\n-3\u00e8me prix : un bon\u00a0d&rsquo;une valeur de Fr. 24.-<\/p>\n<p><span style=\"color: #ff0000;\">L&rsquo;\u00e9galit\u00e9 est tranch\u00e9e\u00a0par les meilleures passes\u00a0suivantes de chaque cible.<\/span><\/p>\n","protected":false},"excerpt":{"rendered":"<p>PRIX CAROUGEOIS Fr 150.- attribu\u00e9 au tireur\u00a0le mieux class\u00e9 \u00e0 l&rsquo;addition\u00a0des cibles Arve et Libre CHAMPIONS Fr. 150.- attribu\u00e9 au tireur le mieux\u00a0class\u00e9 dans les cibles Commune,\u00a0Soci\u00e9t\u00e9, Arve et Libre TIR AU CANON Une oeuvre d&rsquo;art attribu\u00e9e\u00a0au tireur titulaire des trois\u00a0meilleures mouches additionn\u00e9es\u00a0\u00e0 la cible Soci\u00e9t\u00e9 CONSEIL D&rsquo;ETAT Un stylo grav\u00e9 aux armes de la [&hellip;]<\/p>\n","protected":false},"author":1,"featured_media":0,"parent":0,"menu_order":0,"comment_status":"closed","ping_status":"closed","template":"","meta":{"sfsi_plus_gutenberg_text_before_share":"","sfsi_plus_gutenberg_show_text_before_share":"","sfsi_plus_gutenberg_icon_type":"","sfsi_plus_gutenberg_icon_alignemt":"","sfsi_plus_gutenburg_max_per_row":"","footnotes":""},"_links":{"self":[{"href":"http:\/\/www.tiraucanon.ch\/index.php?rest_route=\/wp\/v2\/pages\/1018"}],"collection":[{"href":"http:\/\/www.tiraucanon.ch\/index.php?rest_route=\/wp\/v2\/pages"}],"about":[{"href":"http:\/\/www.tiraucanon.ch\/index.php?rest_route=\/wp\/v2\/types\/page"}],"author":[{"embeddable":true,"href":"http:\/\/www.tiraucanon.ch\/index.php?rest_route=\/wp\/v2\/users\/1"}],"replies":[{"embeddable":true,"href":"http:\/\/www.tiraucanon.ch\/index.php?rest_route=%2Fwp%2Fv2%2Fcomments&post=1018"}],"version-history":[{"count":9,"href":"http:\/\/www.tiraucanon.ch\/index.php?rest_route=\/wp\/v2\/pages\/1018\/revisions"}],"predecessor-version":[{"id":2201,"href":"http:\/\/www.tiraucanon.ch\/index.php?rest_route=\/wp\/v2\/pages\/1018\/revisions\/2201"}],"wp:attachment":[{"href":"http:\/\/www.tiraucanon.ch\/index.php?rest_route=%2Fwp%2Fv2%2Fmedia&parent=1018"}],"curies":[{"name":"wp","href":"https:\/\/api.w.org\/{rel}","templated":true}]}}