{"id":1005,"date":"2018-08-21T14:47:35","date_gmt":"2018-08-21T12:47:35","guid":{"rendered":"http:\/\/www.tiraucanon.ch\/?page_id=1005"},"modified":"2025-08-14T09:17:37","modified_gmt":"2025-08-14T07:17:37","slug":"groupes-et-familles","status":"publish","type":"page","link":"http:\/\/www.tiraucanon.ch\/?page_id=1005","title":{"rendered":"Groupes et Familles"},"content":{"rendered":"<p>Cible \u00e9lectronique Arve ou Libre<\/p>\n<p>Ces concours se\u00a0disputent\u00a0pour le 1er entre des groupes organis\u00e9s de 6 tireurs d&rsquo;une m\u00eame\u00a0soci\u00e9t\u00e9 et\u00a0pour le 2\u00e8me\u00a0de 4 membres de la m\u00eame famille.<\/p>\n<p>Chaque tireur tire une passe de 3 coups (Fr. 3.-) sur les cibles Arve ou Libre<br \/>qui ne compte pas dans le classement de ces cibles.<\/p>\n<p>Les classements s&rsquo;effectuent pour les soci\u00e9t\u00e9s par l&rsquo;addition des 5 meilleurs<br \/>r\u00e9sultats et pour les familles par l&rsquo;addition des 3 meilleurs r\u00e9sultats.<br \/>En cas d&rsquo;\u00e9galit\u00e9, le 6\u00e8me r\u00e9sultat, respectivement le 4\u00e8me d\u00e9partage,<br \/>puis la meilleure passe.<\/p>\n<p>Les\u00a0coupes pr\u00e9c\u00e9demment offertes sont remplac\u00e9es par un dipl\u00f4me qui reste<br \/>propri\u00e9t\u00e9 du groupe et de la famille\u00a0qui\u00a0emporte\u00a0le concours.<\/p>\n<p><strong>Un tireur peut tirer pour deux groupes et pour une famille.<\/strong><\/p>\n<p>Le responsable indiquera \u00e0 l&rsquo;inscription du groupe ou de la famille les noms<br \/>et adresses des 6 respectivement 4 tireurs retenus.<\/p>\n<p><a href=\"http:\/\/www.tiraucanon.ch\/wp-content\/uploads\/2025\/08\/Inscription-tir-groupe.pdf\">Inscription tir groupe<\/a><\/p>\n<p><a href=\"http:\/\/www.tiraucanon.ch\/wp-content\/uploads\/2025\/08\/Inscription-tir-famille.pdf\">Inscription tir famille<\/a><\/p>\n\n\n<p><\/p>\n","protected":false},"excerpt":{"rendered":"<p>Cible \u00e9lectronique Arve ou Libre Ces concours se\u00a0disputent\u00a0pour le 1er entre des groupes organis\u00e9s de 6 tireurs d&rsquo;une m\u00eame\u00a0soci\u00e9t\u00e9 et\u00a0pour le 2\u00e8me\u00a0de 4 membres de la m\u00eame famille. Chaque tireur tire une passe de 3 coups (Fr. 3.-) sur les cibles Arve ou Librequi ne compte pas dans le classement de ces cibles. Les classements [&hellip;]<\/p>\n","protected":false},"author":1,"featured_media":0,"parent":0,"menu_order":0,"comment_status":"closed","ping_status":"closed","template":"","meta":{"sfsi_plus_gutenberg_text_before_share":"","sfsi_plus_gutenberg_show_text_before_share":"","sfsi_plus_gutenberg_icon_type":"","sfsi_plus_gutenberg_icon_alignemt":"","sfsi_plus_gutenburg_max_per_row":"","footnotes":""},"_links":{"self":[{"href":"http:\/\/www.tiraucanon.ch\/index.php?rest_route=\/wp\/v2\/pages\/1005"}],"collection":[{"href":"http:\/\/www.tiraucanon.ch\/index.php?rest_route=\/wp\/v2\/pages"}],"about":[{"href":"http:\/\/www.tiraucanon.ch\/index.php?rest_route=\/wp\/v2\/types\/page"}],"author":[{"embeddable":true,"href":"http:\/\/www.tiraucanon.ch\/index.php?rest_route=\/wp\/v2\/users\/1"}],"replies":[{"embeddable":true,"href":"http:\/\/www.tiraucanon.ch\/index.php?rest_route=%2Fwp%2Fv2%2Fcomments&post=1005"}],"version-history":[{"count":18,"href":"http:\/\/www.tiraucanon.ch\/index.php?rest_route=\/wp\/v2\/pages\/1005\/revisions"}],"predecessor-version":[{"id":2395,"href":"http:\/\/www.tiraucanon.ch\/index.php?rest_route=\/wp\/v2\/pages\/1005\/revisions\/2395"}],"wp:attachment":[{"href":"http:\/\/www.tiraucanon.ch\/index.php?rest_route=%2Fwp%2Fv2%2Fmedia&parent=1005"}],"curies":[{"name":"wp","href":"https:\/\/api.w.org\/{rel}","templated":true}]}}