{"id":1000,"date":"2018-08-21T14:35:38","date_gmt":"2018-08-21T12:35:38","guid":{"rendered":"http:\/\/www.tiraucanon.ch\/?page_id=1000"},"modified":"2022-08-30T11:53:57","modified_gmt":"2022-08-30T09:53:57","slug":"cible-junior","status":"publish","type":"page","link":"http:\/\/www.tiraucanon.ch\/?page_id=1000","title":{"rendered":"Cible Junior"},"content":{"rendered":"<p>Cible \u00e9lectronique Arve ou Libre<\/p>\n<p>Accessible aux filles et gar\u00e7ons \u00e2g\u00e9s de 6 \u00e0 15 ans r\u00e9volus<\/p>\n<p><strong>TARIF DE TIR<\/strong><br \/>\nLa carte de<br \/>\n3 passes Fr. 5.-<br \/>\n6 passes Fr. 10.-<br \/>\n12 passes Fr. 20.-<br \/>\n(1 passe = 3 coups)<\/p>\n<p>L&rsquo;attribution des prix est faite par l&rsquo;addition des trois meilleures<br \/>\npasses de chaque tireur. L&rsquo;\u00e9galit\u00e9 est tranch\u00e9e par les meilleures<br \/>\npasses suivantes.<\/p>\n<p><strong>PLANCHE DE PRIX<\/strong><br \/>\n1er prix Fr. 80.- plus une m\u00e9daille<br \/>\n2\u00e8me prix Fr. 60.- plus une m\u00e9daille<br \/>\n3\u00e8me prix Fr. 40.- plus une m\u00e9daille<br \/>\nDu 4\u00e8me au 6\u00e8me prix<br \/>\nUn bon pour une carte de tir d&rsquo;une valeur de Fr. 20.- <em>plus une m\u00e9daille<\/em><br \/>\nDu 7\u00e8me au 10\u00e8me prix<br \/>\nUn bon pour une carte de tir d&rsquo;une valeur de Fr. 10.- <em>plus une m\u00e9daille<\/em><\/p>\n<p><span style=\"color: #ff0000;\"><strong>La gagnante ou le gagnant aura le titre de Princesse ou Prince<\/strong><\/span><\/p>\n","protected":false},"excerpt":{"rendered":"<p>Cible \u00e9lectronique Arve ou Libre Accessible aux filles et gar\u00e7ons \u00e2g\u00e9s de 6 \u00e0 15 ans r\u00e9volus TARIF DE TIR La carte de 3 passes Fr. 5.- 6 passes Fr. 10.- 12 passes Fr. 20.- (1 passe = 3 coups) L&rsquo;attribution des prix est faite par l&rsquo;addition des trois meilleures passes de chaque tireur. L&rsquo;\u00e9galit\u00e9 [&hellip;]<\/p>\n","protected":false},"author":1,"featured_media":0,"parent":0,"menu_order":0,"comment_status":"closed","ping_status":"closed","template":"","meta":{"sfsi_plus_gutenberg_text_before_share":"","sfsi_plus_gutenberg_show_text_before_share":"","sfsi_plus_gutenberg_icon_type":"","sfsi_plus_gutenberg_icon_alignemt":"","sfsi_plus_gutenburg_max_per_row":"","footnotes":""},"_links":{"self":[{"href":"http:\/\/www.tiraucanon.ch\/index.php?rest_route=\/wp\/v2\/pages\/1000"}],"collection":[{"href":"http:\/\/www.tiraucanon.ch\/index.php?rest_route=\/wp\/v2\/pages"}],"about":[{"href":"http:\/\/www.tiraucanon.ch\/index.php?rest_route=\/wp\/v2\/types\/page"}],"author":[{"embeddable":true,"href":"http:\/\/www.tiraucanon.ch\/index.php?rest_route=\/wp\/v2\/users\/1"}],"replies":[{"embeddable":true,"href":"http:\/\/www.tiraucanon.ch\/index.php?rest_route=%2Fwp%2Fv2%2Fcomments&post=1000"}],"version-history":[{"count":5,"href":"http:\/\/www.tiraucanon.ch\/index.php?rest_route=\/wp\/v2\/pages\/1000\/revisions"}],"predecessor-version":[{"id":2012,"href":"http:\/\/www.tiraucanon.ch\/index.php?rest_route=\/wp\/v2\/pages\/1000\/revisions\/2012"}],"wp:attachment":[{"href":"http:\/\/www.tiraucanon.ch\/index.php?rest_route=%2Fwp%2Fv2%2Fmedia&parent=1000"}],"curies":[{"name":"wp","href":"https:\/\/api.w.org\/{rel}","templated":true}]}}