{"id":10,"date":"2015-10-09T14:22:14","date_gmt":"2015-10-09T13:22:14","guid":{"rendered":"http:\/\/www.tiraucanon.ch\/?page_id=10"},"modified":"2025-03-06T13:34:18","modified_gmt":"2025-03-06T11:34:18","slug":"tir-traditionnel-annuel","status":"publish","type":"page","link":"http:\/\/www.tiraucanon.ch\/?page_id=10","title":{"rendered":"Tir traditionnel annuel"},"content":{"rendered":"<p><span style=\"font-size: small;\">Le Concours de Tir annuel est organis\u00e9 chaque ann\u00e9e sur deux week-ends. Le premier sur le week-end qui suit la rentr\u00e9e scolaire, le deuxi\u00e8me sur le week-end de la vogue de Carouge. La remise des prix a lieu au stand le dernier dimanche \u00e0 18h30.<\/span><\/p>\n<p>Une buvette couverte est \u00e0 disposition et sert \u00e9galement un plat du jour chaud \u00e0 midi.<\/p>\n<p><span style=\"font-size: small;\">Les concours ARVE, LIBRE et JUNIOR, ainsi que les concours de GROUPES et FAMILLES se disputent sur les cibles \u00e9lectroniques divis\u00e9es en 20 points (le 20 \u00e9tant le plus pr\u00e8s du centre). Les passes sont de trois coups (maximum 60 points) et le classement tient compte des 3 meilleures passes (maximum 180 points). Les ex aequo sont d\u00e9partag\u00e9s par les meilleures passes d\u2019appui. Un moniteur plac\u00e9 \u00e0 c\u00f4t\u00e9 du canon permet instantan\u00e9ment de situer l\u2019impact du coup sur la cible et d\u2019en conna\u00eetre la valeur que le ou la secr\u00e9taire note sur le carnet de tir.<\/span><\/p>\n<p>Les cibles SOCIETE et COMMUNE sont r\u00e9serv\u00e9es au Tir \u00e0 la Mouche. Un cibarre, qui est \u00e0 la ciblerie indique l\u2019impact et la valeur de chaque coup par un syst\u00e8me de drapeaux et palettes. Le drapeau jaune signale une mouche. Le centre du carton sera pr\u00e9lev\u00e9 et mesur\u00e9 par un appareil \u00e9lectronique de haute pr\u00e9cision. Cette mouche, dont la dimension \u00e9quivaut \u00e0 une pi\u00e8ce de 20 centimes, est divis\u00e9e en 300\u00b0. Le centre parfait \u00e9tant de 0\u00b0. La meilleure mouche de chaque tireur ou tireuse sera prise en consid\u00e9ration pour \u00e9tablir le classement. Les ex-aequo seront d\u00e9partag\u00e9s par la meilleure mouche suivante.<\/p>\n<p><span style=\"color: #ff0000;\">Le tireur qui obtient la meilleure mouche sur la cible COMMUNE est proclam\u00e9-e ROI OU REINE du tir et re\u00e7oit un dipl\u00f4me et une m\u00e9daille en vermeil (plaqu\u00e9 or).<\/span><\/p>\n<p>Le-la gagnant-e de la cible JUNIOR sera couronn\u00e9-e\u00a0<strong>PRINCE<\/strong> ou <strong>PRINCESSE.<\/strong><\/p>\n<p>Le titre de <strong>CHAMPION<\/strong> ou <strong>CHAMPIONNE<\/strong>\u00a0 est attribu\u00e9 au vainqueur du classement combin\u00e9 des cibles SOCIETE, COMMUNE, ARVE et LIBRE.<\/p>\n<p>Des PRIX SPECIAUX sont attribu\u00e9s chaque ann\u00e9e (voir l&rsquo;article Prix sp\u00e9ciaux).<\/p>\n<p><span style=\"font-size: small;\">Que vous soyez un tireur chevronn\u00e9 ou d\u00e9butant, homme, dame ou enfant, venez d\u00e9couvrir un petit coin de campagne cach\u00e9 dans Carouge, venez vous exercer au noble sport du Tir au Canon, qui est avant tout un jeu, vous apprendrez quelque chose et vous ne regretterez pas le d\u00e9tour !<\/span><\/p>\n<p>Le tir est ouvert \u00e0 toute personne d\u00e8s l&rsquo;\u00e2ge de 6 ans r\u00e9volus.<\/p>\n<p><span style=\"font-size: small;\">Si vous d\u00e9sirez plus connaitre l&rsquo;histoire de notre soci\u00e9t\u00e9, vous trouverez plus de d\u00e9tail dans le lien\u00a0ci-dessous. Bonne lecture et surtout &#8230; BON TIR !<\/span><\/p>\n<p><a href=\"http:\/\/www.tiraucanon.ch\/wp-content\/uploads\/2015\/10\/Historique-de-la-Societ\u00e9-de-Tir-au-Canon-de-Carouge-1852-1972.pdf\">Historique de la Societ\u00e9 de Tir au Canon de Carouge 1852 &#8211; 1972<\/a><\/p>\n","protected":false},"excerpt":{"rendered":"<p>Le Concours de Tir annuel est organis\u00e9 chaque ann\u00e9e sur deux week-ends. Le premier sur le week-end qui suit la rentr\u00e9e scolaire, le deuxi\u00e8me sur le week-end de la vogue de Carouge. La remise des prix a lieu au stand le dernier dimanche \u00e0 18h30. Une buvette couverte est \u00e0 disposition et sert \u00e9galement un [&hellip;]<\/p>\n","protected":false},"author":1,"featured_media":0,"parent":0,"menu_order":10,"comment_status":"closed","ping_status":"closed","template":"","meta":{"sfsi_plus_gutenberg_text_before_share":"","sfsi_plus_gutenberg_show_text_before_share":"","sfsi_plus_gutenberg_icon_type":"","sfsi_plus_gutenberg_icon_alignemt":"","sfsi_plus_gutenburg_max_per_row":"","footnotes":""},"_links":{"self":[{"href":"http:\/\/www.tiraucanon.ch\/index.php?rest_route=\/wp\/v2\/pages\/10"}],"collection":[{"href":"http:\/\/www.tiraucanon.ch\/index.php?rest_route=\/wp\/v2\/pages"}],"about":[{"href":"http:\/\/www.tiraucanon.ch\/index.php?rest_route=\/wp\/v2\/types\/page"}],"author":[{"embeddable":true,"href":"http:\/\/www.tiraucanon.ch\/index.php?rest_route=\/wp\/v2\/users\/1"}],"replies":[{"embeddable":true,"href":"http:\/\/www.tiraucanon.ch\/index.php?rest_route=%2Fwp%2Fv2%2Fcomments&post=10"}],"version-history":[{"count":18,"href":"http:\/\/www.tiraucanon.ch\/index.php?rest_route=\/wp\/v2\/pages\/10\/revisions"}],"predecessor-version":[{"id":2352,"href":"http:\/\/www.tiraucanon.ch\/index.php?rest_route=\/wp\/v2\/pages\/10\/revisions\/2352"}],"wp:attachment":[{"href":"http:\/\/www.tiraucanon.ch\/index.php?rest_route=%2Fwp%2Fv2%2Fmedia&parent=10"}],"curies":[{"name":"wp","href":"https:\/\/api.w.org\/{rel}","templated":true}]}}